{"id":121,"date":"2025-12-02T09:47:04","date_gmt":"2025-12-02T09:47:04","guid":{"rendered":"https:\/\/palonaswiecakawa.pl\/?page_id=121"},"modified":"2025-12-12T16:40:13","modified_gmt":"2025-12-12T16:40:13","slug":"strona-glowna","status":"publish","type":"page","link":"https:\/\/palonaswiecakawa.pl\/","title":{"rendered":"Strona g\u0142\u00f3wna"},"content":{"rendered":"\t\t<div data-elementor-type=\"wp-page\" data-elementor-id=\"121\" class=\"elementor elementor-121\">\n\t\t\t\t<div class=\"elementor-element elementor-element-7639db6 e-con-full e-flex e-con e-parent\" data-id=\"7639db6\" data-element_type=\"container\" data-e-type=\"container\" data-settings=\"{&quot;background_background&quot;:&quot;classic&quot;}\">\n\t\t<div class=\"elementor-element elementor-element-4c03d13 e-con-full e-flex e-con e-child\" data-id=\"4c03d13\" data-element_type=\"container\" data-e-type=\"container\">\n\t\t\t\t<div class=\"elementor-element elementor-element-525d39a elementor-widget elementor-widget-image\" data-id=\"525d39a\" data-element_type=\"widget\" data-e-type=\"widget\" data-widget_type=\"image.default\">\n\t\t\t\t\t\t\t\t\t\t\t\t\t\t\t<img fetchpriority=\"high\" decoding=\"async\" width=\"1050\" height=\"600\" src=\"https:\/\/palonaswiecakawa.pl\/wp-content\/uploads\/2025\/12\/cropped-6.png\" class=\"attachment-1536x1536 size-1536x1536 wp-image-281\" alt=\"\" srcset=\"https:\/\/palonaswiecakawa.pl\/wp-content\/uploads\/2025\/12\/cropped-6.png 1050w, https:\/\/palonaswiecakawa.pl\/wp-content\/uploads\/2025\/12\/cropped-6-300x171.png 300w, https:\/\/palonaswiecakawa.pl\/wp-content\/uploads\/2025\/12\/cropped-6-1024x585.png 1024w, https:\/\/palonaswiecakawa.pl\/wp-content\/uploads\/2025\/12\/cropped-6-768x439.png 768w\" sizes=\"(max-width: 1050px) 100vw, 1050px\" \/>\t\t\t\t\t\t\t\t\t\t\t\t\t\t\t<\/div>\n\t\t\t\t<\/div>\n\t\t\t\t<\/div>\n\t\t<div class=\"elementor-element elementor-element-2c34cee e-con-full e-flex e-con e-parent\" data-id=\"2c34cee\" data-element_type=\"container\" data-e-type=\"container\">\n\t\t<div class=\"elementor-element elementor-element-8916e6c e-con-full e-flex e-con e-child\" data-id=\"8916e6c\" data-element_type=\"container\" data-e-type=\"container\">\n\t\t\t\t<div class=\"elementor-element elementor-element-e23c315 elementor-widget-tablet__width-inherit elementor-widget elementor-widget-heading\" data-id=\"e23c315\" data-element_type=\"widget\" data-e-type=\"widget\" id=\"about-id\" data-widget_type=\"heading.default\">\n\t\t\t\t\t<h2 class=\"elementor-heading-title elementor-size-default\">o nas<\/h2>\t\t\t\t<\/div>\n\t\t\t\t<div class=\"elementor-element elementor-element-c38d455 elementor-widget elementor-widget-text-editor\" data-id=\"c38d455\" data-element_type=\"widget\" data-e-type=\"widget\" data-widget_type=\"text-editor.default\">\n\t\t\t\t\t\t\t\t\t<p>Tworzymy w\u0142asnor\u0119cznie robione <strong>\u015bwiece sojowe<\/strong> u\u017cywaj\u0105c polskich produkt\u00f3w. Nasze produkty powstaj\u0105 na Podlasiu, a ka\u017cdy z nich jest wyj\u0105tkowy. Wk\u0142adamy w to du\u017co serca i pasji. Naszym celem by\u0142o stworzenie niezapomnianego zapachu kawy, kt\u00f3ry zostanie w Waszej pami\u0119ci na d\u0142ugo. Zrobili\u015bmy to.<\/p>\t\t\t\t\t\t\t\t<\/div>\n\t\t\t\t<\/div>\n\t\t\t\t<\/div>\n\t\t<div class=\"elementor-element elementor-element-5bfa819 e-con-full e-flex e-con e-parent\" data-id=\"5bfa819\" data-element_type=\"container\" data-e-type=\"container\">\n\t\t<div class=\"elementor-element elementor-element-2562155 e-con-full e-flex e-con e-child\" data-id=\"2562155\" data-element_type=\"container\" data-e-type=\"container\">\n\t\t\t\t<div class=\"elementor-element elementor-element-7a72211 elementor-widget elementor-widget-heading\" data-id=\"7a72211\" data-element_type=\"widget\" data-e-type=\"widget\" id=\"product-id\" data-widget_type=\"heading.default\">\n\t\t\t\t\t<h2 class=\"elementor-heading-title elementor-size-default\">produkt<\/h2>\t\t\t\t<\/div>\n\t\t\t\t<div class=\"elementor-element elementor-element-e9f2356 elementor-widget elementor-widget-text-editor\" data-id=\"e9f2356\" data-element_type=\"widget\" data-e-type=\"widget\" data-widget_type=\"text-editor.default\">\n\t\t\t\t\t\t\t\t\t<p>Na t\u0119 chwil\u0119 oferujemy Wam wyj\u0105tkowe <strong>upominki dla Waszych go\u015bci<\/strong>, kt\u00f3re b\u0119d\u0105 przypomina\u0107 im niezapominane chwile sp\u0119dzone razem z Wami. Nasze \u015bwiece sojowe to \u015bwiece premium. Wykonane w\u0142asnor\u0119cznie przy u\u017cyciu polskich produkt\u00f3w wysokiej jako\u015bci.<br \/>Zapakowane s\u0105 w estetyczny i staranny spos\u00f3b, kt\u00f3ry z pewno\u015bci\u0105 zostanie doceniony przez wszystkich go\u015bci. Ka\u017cda \u015bwieca zawiera spersonalizowan\u0105 etykiet\u0119, co czyni j\u0105 jeszcze bardziej wyj\u0105tkowym upominkiem. G\u0142\u00f3wnie nuty zapachowe to <strong>kawa i jeszcze raz kawa<\/strong>. Czas realizacji zam\u00f3wienia to oko\u0142o 2 miesi\u0105ce.<br \/><br \/>Je\u015bli zainteresowali\u015bmy Ci\u0119 nasz\u0105 ofert\u0105, <strong>uzupe\u0142nij formularz kontaktowy<\/strong>, aby\u015bmy mogli si\u0119 z Tob\u0105 skontaktowa\u0107, a Twoi go\u015bci mogli cieszy\u0107 si\u0119 niezapomnianym prezentem!<\/p>\t\t\t\t\t\t\t\t<\/div>\n\t\t\t\t<\/div>\n\t\t\t\t<\/div>\n\t\t<div class=\"elementor-element elementor-element-9b92760 e-flex e-con-boxed e-con e-parent\" data-id=\"9b92760\" data-element_type=\"container\" data-e-type=\"container\">\n\t\t\t\t\t<div class=\"e-con-inner\">\n\t\t\t\t<div class=\"elementor-element elementor-element-7b4d1f6 elementor-widget elementor-widget-image\" data-id=\"7b4d1f6\" data-element_type=\"widget\" data-e-type=\"widget\" data-widget_type=\"image.default\">\n\t\t\t\t\t\t\t\t\t\t\t\t\t\t\t<img decoding=\"async\" width=\"1080\" height=\"358\" src=\"https:\/\/palonaswiecakawa.pl\/wp-content\/uploads\/2025\/12\/mip.1.1-e1765556719885.png\" class=\"attachment-1536x1536 size-1536x1536 wp-image-297\" alt=\"\" srcset=\"https:\/\/palonaswiecakawa.pl\/wp-content\/uploads\/2025\/12\/mip.1.1-e1765556719885.png 1080w, https:\/\/palonaswiecakawa.pl\/wp-content\/uploads\/2025\/12\/mip.1.1-e1765556719885-300x99.png 300w, https:\/\/palonaswiecakawa.pl\/wp-content\/uploads\/2025\/12\/mip.1.1-e1765556719885-1024x339.png 1024w, https:\/\/palonaswiecakawa.pl\/wp-content\/uploads\/2025\/12\/mip.1.1-e1765556719885-768x255.png 768w\" sizes=\"(max-width: 1080px) 100vw, 1080px\" \/>\t\t\t\t\t\t\t\t\t\t\t\t\t\t\t<\/div>\n\t\t\t\t\t<\/div>\n\t\t\t\t<\/div>\n\t\t<div class=\"elementor-element elementor-element-89b85a9 e-flex e-con-boxed e-con e-parent\" data-id=\"89b85a9\" data-element_type=\"container\" data-e-type=\"container\">\n\t\t\t\t\t<div class=\"e-con-inner\">\n\t\t\t\t<div class=\"elementor-element elementor-element-88a27e4 elementor-widget elementor-widget-heading\" data-id=\"88a27e4\" data-element_type=\"widget\" data-e-type=\"widget\" data-widget_type=\"heading.default\">\n\t\t\t\t\t<h2 class=\"elementor-heading-title elementor-size-default\">kontakt<\/h2>\t\t\t\t<\/div>\n\t\t\t\t\t<\/div>\n\t\t\t\t<\/div>\n\t\t<div class=\"elementor-element elementor-element-a8afbeb e-flex e-con-boxed e-con e-parent\" data-id=\"a8afbeb\" data-element_type=\"container\" data-e-type=\"container\" id=\"contact-form-id\">\n\t\t\t\t\t<div class=\"e-con-inner\">\n\t\t\t\t<div class=\"elementor-element elementor-element-930d372 elementor-widget elementor-widget-elementskit-contact-form7\" data-id=\"930d372\" data-element_type=\"widget\" data-e-type=\"widget\" data-widget_type=\"elementskit-contact-form7.default\">\n\t\t\t\t\t<div class=\"ekit-wid-con\" ><div class=\"ekit-form\">\n<div class=\"wpcf7 no-js\" id=\"wpcf7-f155-p121-o1\" lang=\"pl-PL\" dir=\"ltr\" data-wpcf7-id=\"155\">\n<div class=\"screen-reader-response\"><p role=\"status\" aria-live=\"polite\" aria-atomic=\"true\"><\/p> <ul><\/ul><\/div>\n<form action=\"\/#wpcf7-f155-p121-o1\" method=\"post\" class=\"wpcf7-form init\" aria-label=\"Formularz kontaktowy\" novalidate=\"novalidate\" data-status=\"init\">\n<fieldset class=\"hidden-fields-container\"><input type=\"hidden\" name=\"_wpcf7\" value=\"155\" \/><input type=\"hidden\" name=\"_wpcf7_version\" value=\"6.1.5\" \/><input type=\"hidden\" name=\"_wpcf7_locale\" value=\"pl_PL\" \/><input type=\"hidden\" name=\"_wpcf7_unit_tag\" value=\"wpcf7-f155-p121-o1\" \/><input type=\"hidden\" name=\"_wpcf7_container_post\" value=\"121\" \/><input type=\"hidden\" name=\"_wpcf7_posted_data_hash\" value=\"\" \/><input type=\"hidden\" name=\"_wpcf7_recaptcha_response\" value=\"\" \/>\n<\/fieldset>\n<div class=\"cf7-row\">\n\t<div class=\"cf7-col\">\n\t\t<p><label> Podaj imi\u0119 panny m\u0142odej<br \/>\n<span class=\"wpcf7-form-control-wrap\" data-name=\"bride-name\"><input size=\"40\" maxlength=\"400\" class=\"wpcf7-form-control wpcf7-text wpcf7-validates-as-required\" aria-required=\"true\" aria-invalid=\"false\" placeholder=\"Imi\u0119 Panny M\u0142odej\" value=\"\" type=\"text\" name=\"bride-name\" \/><\/span><br \/>\n<\/label>\n\t\t<\/p>\n\t\t<p><label> Data \u015blubu<br \/>\n<span class=\"wpcf7-form-control-wrap\" data-name=\"wedding-date\"><input class=\"wpcf7-form-control wpcf7-date wpcf7-validates-as-required wpcf7-validates-as-date\" min=\"2026-04-27\" aria-required=\"true\" aria-invalid=\"false\" value=\"\" type=\"date\" name=\"wedding-date\" \/><\/span><br \/>\n<\/label>\n\t\t<\/p>\n\t\t<p><label> Tw\u00f3j adres e-mail<br \/>\n<span class=\"wpcf7-form-control-wrap\" data-name=\"your-email\"><input size=\"40\" maxlength=\"400\" class=\"wpcf7-form-control wpcf7-email wpcf7-validates-as-required wpcf7-text wpcf7-validates-as-email\" autocomplete=\"email\" aria-required=\"true\" aria-invalid=\"false\" placeholder=\"E-mail\" value=\"\" type=\"email\" name=\"your-email\" \/><\/span><br \/>\n<\/label>\n\t\t<\/p>\n\t<\/div>\n\t<div class=\"cf7-col\">\n\t\t<p><label> Podaj imi\u0119 pana m\u0142odego<br \/>\n<span class=\"wpcf7-form-control-wrap\" data-name=\"groom-name\"><input size=\"40\" maxlength=\"400\" class=\"wpcf7-form-control wpcf7-text wpcf7-validates-as-required\" aria-required=\"true\" aria-invalid=\"false\" placeholder=\"Imi\u0119 Pana M\u0142odego\" value=\"\" type=\"text\" name=\"groom-name\" \/><\/span><br \/>\n<\/label>\n\t\t<\/p>\n\t\t<p><label> Ilo\u015b\u0107 \u015bwieczek<br \/>\n<span class=\"wpcf7-form-control-wrap\" data-name=\"candles\"><input class=\"wpcf7-form-control wpcf7-number wpcf7-validates-as-required wpcf7-validates-as-number\" min=\"1\" max=\"999\" aria-required=\"true\" aria-invalid=\"false\" placeholder=\"Ilo\u015b\u0107 \u015bwieczek\" value=\"\" type=\"number\" name=\"candles\" \/><\/span><br \/>\n<\/label>\n\t\t<\/p>\n\t\t<p><label> Tw\u00f3j numer telefonu<br \/>\n<span class=\"wpcf7-form-control-wrap\" data-name=\"your-phone\"><input size=\"40\" maxlength=\"400\" class=\"wpcf7-form-control wpcf7-tel wpcf7-validates-as-required wpcf7-text wpcf7-validates-as-tel\" aria-required=\"true\" aria-invalid=\"false\" placeholder=\"Telefon\" value=\"\" type=\"tel\" name=\"your-phone\" \/><\/span><br \/>\n<\/label>\n\t\t<\/p>\n\t<\/div>\n\n<\/div>\n<div class=\"cf7-row submit-row\">\n\t<p><input class=\"wpcf7-form-control wpcf7-submit has-spinner\" type=\"submit\" value=\"Wy\u015blij\" \/>\n\t<\/p>\n<\/div><div class=\"wpcf7-response-output\" aria-hidden=\"true\"><\/div>\n<\/form>\n<\/div>\n<\/div><\/div>\t\t\t\t<\/div>\n\t\t\t\t\t<\/div>\n\t\t\t\t<\/div>\n\t\t<div class=\"elementor-element elementor-element-5965f92 e-con-full e-flex e-con e-parent\" data-id=\"5965f92\" data-element_type=\"container\" data-e-type=\"container\">\n\t\t<div class=\"elementor-element elementor-element-9b03aa4 e-con-full e-flex e-con e-child\" data-id=\"9b03aa4\" data-element_type=\"container\" data-e-type=\"container\">\n\t\t<div class=\"elementor-element elementor-element-454fb0b e-flex e-con-boxed e-con e-child\" data-id=\"454fb0b\" data-element_type=\"container\" data-e-type=\"container\">\n\t\t\t\t\t<div class=\"e-con-inner\">\n\t\t\t\t<div class=\"elementor-element elementor-element-aa47789 elementor-widget__width-initial elementor-widget-mobile__width-inherit elementor-position-inline-start elementor-view-default elementor-mobile-position-block-start elementor-widget elementor-widget-icon-box\" data-id=\"aa47789\" data-element_type=\"widget\" data-e-type=\"widget\" data-widget_type=\"icon-box.default\">\n\t\t\t\t\t\t\t<div class=\"elementor-icon-box-wrapper\">\n\n\t\t\t\t\t\t<div class=\"elementor-icon-box-icon\">\n\t\t\t\t<span  class=\"elementor-icon\">\n\t\t\t\t<i aria-hidden=\"true\" class=\"icon icon-email\"><\/i>\t\t\t\t<\/span>\n\t\t\t<\/div>\n\t\t\t\n\t\t\t\t\t\t<div class=\"elementor-icon-box-content\">\n\n\t\t\t\t\t\t\t\t\t<h3 class=\"elementor-icon-box-title\">\n\t\t\t\t\t\t<span  >\n\t\t\t\t\t\t\tE-mail\t\t\t\t\t\t<\/span>\n\t\t\t\t\t<\/h3>\n\t\t\t\t\n\t\t\t\t\t\t\t\t\t<p class=\"elementor-icon-box-description\">\n\t\t\t\t\t\tinfo@palonaswiecakawa.pl\t\t\t\t\t<\/p>\n\t\t\t\t\n\t\t\t<\/div>\n\t\t\t\n\t\t<\/div>\n\t\t\t\t\t\t<\/div>\n\t\t\t\t<div class=\"elementor-element elementor-element-15a1e6f elementor-widget__width-initial elementor-widget-mobile__width-inherit elementor-position-inline-start elementor-view-default elementor-mobile-position-block-start elementor-widget elementor-widget-icon-box\" data-id=\"15a1e6f\" data-element_type=\"widget\" data-e-type=\"widget\" data-widget_type=\"icon-box.default\">\n\t\t\t\t\t\t\t<div class=\"elementor-icon-box-wrapper\">\n\n\t\t\t\t\t\t<div class=\"elementor-icon-box-icon\">\n\t\t\t\t<a href=\"https:\/\/www.instagram.com\/palona_swieca_kawa\" class=\"elementor-icon\" tabindex=\"-1\" aria-label=\"Instagram\">\n\t\t\t\t<i aria-hidden=\"true\" class=\"icon icon-instagram-1\"><\/i>\t\t\t\t<\/a>\n\t\t\t<\/div>\n\t\t\t\n\t\t\t\t\t\t<div class=\"elementor-icon-box-content\">\n\n\t\t\t\t\t\t\t\t\t<h3 class=\"elementor-icon-box-title\">\n\t\t\t\t\t\t<a href=\"https:\/\/www.instagram.com\/palona_swieca_kawa\" >\n\t\t\t\t\t\t\tInstagram\t\t\t\t\t\t<\/a>\n\t\t\t\t\t<\/h3>\n\t\t\t\t\n\t\t\t\t\t\t\t\t\t<p class=\"elementor-icon-box-description\">\n\t\t\t\t\t\t  \t\t\t\t\t<\/p>\n\t\t\t\t\n\t\t\t<\/div>\n\t\t\t\n\t\t<\/div>\n\t\t\t\t\t\t<\/div>\n\t\t\t\t\t<\/div>\n\t\t\t\t<\/div>\n\t\t\t\t<\/div>\n\t\t\t\t<\/div>\n\t\t\t\t<\/div>\n\t\t","protected":false},"excerpt":{"rendered":"<p>o nas Tworzymy w\u0142asnor\u0119cznie robione \u015bwiece sojowe u\u017cywaj\u0105c polskich produkt\u00f3w. Nasze produkty powstaj\u0105 na Podlasiu, a ka\u017cdy z nich jest wyj\u0105tkowy. Wk\u0142adamy w to du\u017co serca i pasji. Naszym celem by\u0142o stworzenie niezapomnianego zapachu kawy, kt\u00f3ry zostanie w Waszej pami\u0119ci na d\u0142ugo. Zrobili\u015bmy to. produkt Na t\u0119 chwil\u0119 oferujemy Wam wyj\u0105tkowe upominki dla Waszych go\u015bci, [&hellip;]<\/p>\n","protected":false},"author":1,"featured_media":0,"parent":0,"menu_order":0,"comment_status":"closed","ping_status":"closed","template":"elementor_header_footer","meta":{"footnotes":""},"class_list":["post-121","page","type-page","status-publish","hentry"],"_links":{"self":[{"href":"https:\/\/palonaswiecakawa.pl\/index.php?rest_route=\/wp\/v2\/pages\/121","targetHints":{"allow":["GET"]}}],"collection":[{"href":"https:\/\/palonaswiecakawa.pl\/index.php?rest_route=\/wp\/v2\/pages"}],"about":[{"href":"https:\/\/palonaswiecakawa.pl\/index.php?rest_route=\/wp\/v2\/types\/page"}],"author":[{"embeddable":true,"href":"https:\/\/palonaswiecakawa.pl\/index.php?rest_route=\/wp\/v2\/users\/1"}],"replies":[{"embeddable":true,"href":"https:\/\/palonaswiecakawa.pl\/index.php?rest_route=%2Fwp%2Fv2%2Fcomments&post=121"}],"version-history":[{"count":113,"href":"https:\/\/palonaswiecakawa.pl\/index.php?rest_route=\/wp\/v2\/pages\/121\/revisions"}],"predecessor-version":[{"id":322,"href":"https:\/\/palonaswiecakawa.pl\/index.php?rest_route=\/wp\/v2\/pages\/121\/revisions\/322"}],"wp:attachment":[{"href":"https:\/\/palonaswiecakawa.pl\/index.php?rest_route=%2Fwp%2Fv2%2Fmedia&parent=121"}],"curies":[{"name":"wp","href":"https:\/\/api.w.org\/{rel}","templated":true}]}}